{"id":86,"date":"2026-03-28T13:42:02","date_gmt":"2026-03-28T13:42:02","guid":{"rendered":"https:\/\/matibou.com\/?page_id=86"},"modified":"2026-03-30T10:58:44","modified_gmt":"2026-03-30T10:58:44","slug":"accueil","status":"publish","type":"page","link":"https:\/\/matibou.com\/","title":{"rendered":"Accueil"},"content":{"rendered":"\t\t<div data-elementor-type=\"wp-page\" data-elementor-id=\"86\" class=\"elementor elementor-86\">\n\t\t\t\t<div class=\"elementor-element elementor-element-cbf44bd e-con-full e-flex e-con e-parent\" data-id=\"cbf44bd\" data-element_type=\"container\" data-e-type=\"container\" data-settings=\"{&quot;background_background&quot;:&quot;slideshow&quot;,&quot;background_slideshow_gallery&quot;:[{&quot;id&quot;:8,&quot;url&quot;:&quot;http:\\\/\\\/matibou.com\\\/wp-content\\\/uploads\\\/2026\\\/03\\\/Cancon_24072020_celine_33-scaled.jpg&quot;},{&quot;id&quot;:25,&quot;url&quot;:&quot;http:\\\/\\\/matibou.com\\\/wp-content\\\/uploads\\\/2026\\\/03\\\/Cancon_24072020_celine_26-scaled.jpg&quot;},{&quot;id&quot;:28,&quot;url&quot;:&quot;http:\\\/\\\/matibou.com\\\/wp-content\\\/uploads\\\/2026\\\/03\\\/Cancon_24072020_celine_27-1-scaled.jpg&quot;},{&quot;id&quot;:26,&quot;url&quot;:&quot;http:\\\/\\\/matibou.com\\\/wp-content\\\/uploads\\\/2026\\\/03\\\/Cancon_24072020_celine_22-1-scaled.jpg&quot;},{&quot;id&quot;:24,&quot;url&quot;:&quot;http:\\\/\\\/matibou.com\\\/wp-content\\\/uploads\\\/2026\\\/03\\\/Cancon_24072020_celine_21-scaled.jpg&quot;}],&quot;background_slideshow_ken_burns&quot;:&quot;yes&quot;,&quot;animation&quot;:&quot;none&quot;,&quot;background_slideshow_lazyload&quot;:&quot;yes&quot;,&quot;background_slideshow_loop&quot;:&quot;yes&quot;,&quot;background_slideshow_slide_duration&quot;:5000,&quot;background_slideshow_slide_transition&quot;:&quot;fade&quot;,&quot;background_slideshow_transition_duration&quot;:500,&quot;background_slideshow_ken_burns_zoom_direction&quot;:&quot;in&quot;}\">\n\t\t\t\t<div class=\"elementor-element elementor-element-ecd4fd4 elementor-widget elementor-widget-heading\" data-id=\"ecd4fd4\" data-element_type=\"widget\" data-e-type=\"widget\" data-widget_type=\"heading.default\">\n\t\t\t\t\t<h2 class=\"elementor-heading-title elementor-size-default\">Le G\u00eete du Matibou<\/h2>\t\t\t\t<\/div>\n\t\t\t\t<\/div>\n\t\t<div class=\"elementor-element elementor-element-4fbad0a e-con-full e-flex e-con e-parent\" data-id=\"4fbad0a\" data-element_type=\"container\" data-e-type=\"container\" data-settings=\"{&quot;background_background&quot;:&quot;classic&quot;}\">\n\t\t\t\t<div class=\"elementor-element elementor-element-9de1618 elementor-widget elementor-widget-heading\" data-id=\"9de1618\" data-element_type=\"widget\" data-e-type=\"widget\" data-widget_type=\"heading.default\">\n\t\t\t\t\t<h2 class=\"elementor-heading-title elementor-size-default\">Le Matibou<\/h2>\t\t\t\t<\/div>\n\t\t\t\t<\/div>\n\t\t<div class=\"elementor-element elementor-element-f22e2de e-con-full e-flex e-con e-parent\" data-id=\"f22e2de\" data-element_type=\"container\" data-e-type=\"container\" data-settings=\"{&quot;background_background&quot;:&quot;classic&quot;}\">\n\t\t<div class=\"elementor-element elementor-element-f674912 e-con-full e-flex e-con e-child\" data-id=\"f674912\" data-element_type=\"container\" data-e-type=\"container\" data-settings=\"{&quot;background_background&quot;:&quot;classic&quot;}\">\n\t\t\t\t<div class=\"elementor-element elementor-element-b5311b0 elementor-widget elementor-widget-text-editor\" data-id=\"b5311b0\" data-element_type=\"widget\" data-e-type=\"widget\" data-widget_type=\"text-editor.default\">\n\t\t\t\t\t\t\t\t\t<p>Une b\u00e2tisse de pierre o\u00f9 le temps s&#8217;arr\u00eate. Nich\u00e9 entre nature luxuriante et calme absolu, vivez une parenth\u00e8se hors du temps au c\u0153ur du Sud.<\/p>\t\t\t\t\t\t\t\t<\/div>\n\t\t\t\t<\/div>\n\t\t\t\t<div class=\"elementor-element elementor-element-09baa2e elementor-widget elementor-widget-image\" data-id=\"09baa2e\" data-element_type=\"widget\" data-e-type=\"widget\" data-widget_type=\"image.default\">\n\t\t\t\t\t\t\t\t\t\t\t\t\t\t\t<img fetchpriority=\"high\" decoding=\"async\" width=\"1024\" height=\"684\" src=\"http:\/\/matibou.com\/wp-content\/uploads\/2026\/03\/Cancon_24072020_celine_14-1024x684.jpg\" class=\"attachment-large size-large wp-image-23\" alt=\"\" srcset=\"http:\/\/matibou.com\/wp-content\/uploads\/2026\/03\/Cancon_24072020_celine_14-1024x684.jpg 1024w, http:\/\/matibou.com\/wp-content\/uploads\/2026\/03\/Cancon_24072020_celine_14-300x200.jpg 300w, http:\/\/matibou.com\/wp-content\/uploads\/2026\/03\/Cancon_24072020_celine_14-768x513.jpg 768w\" sizes=\"(max-width: 1024px) 100vw, 1024px\" \/>\t\t\t\t\t\t\t\t\t\t\t\t\t\t\t<\/div>\n\t\t\t\t<\/div>\n\t\t<div class=\"elementor-element elementor-element-17af247 e-flex e-con-boxed e-con e-parent\" data-id=\"17af247\" data-element_type=\"container\" data-e-type=\"container\">\n\t\t\t\t\t<div class=\"e-con-inner\">\n\t\t\t\t\t<\/div>\n\t\t\t\t<\/div>\n\t\t\t\t<\/div>\n\t\t","protected":false},"excerpt":{"rendered":"<p>Le G\u00eete du Matibou Le Matibou Une b\u00e2tisse de pierre o\u00f9 le temps s&#8217;arr\u00eate. Nich\u00e9 entre nature luxuriante et calme [&hellip;]<\/p>\n","protected":false},"author":2,"featured_media":0,"parent":0,"menu_order":0,"comment_status":"closed","ping_status":"closed","template":"elementor_header_footer","meta":{"site-sidebar-layout":"no-sidebar","site-content-layout":"","ast-site-content-layout":"full-width-container","site-content-style":"default","site-sidebar-style":"default","ast-global-header-display":"","ast-banner-title-visibility":"","ast-main-header-display":"","ast-hfb-above-header-display":"","ast-hfb-below-header-display":"","ast-hfb-mobile-header-display":"","site-post-title":"disabled","ast-breadcrumbs-content":"","ast-featured-img":"disabled","footer-sml-layout":"","ast-disable-related-posts":"","theme-transparent-header-meta":"default","adv-header-id-meta":"","stick-header-meta":"","header-above-stick-meta":"","header-main-stick-meta":"","header-below-stick-meta":"","astra-migrate-meta-layouts":"default","ast-page-background-enabled":"default","ast-page-background-meta":{"desktop":{"background-color":"var(--ast-global-color-5)","background-image":"","background-repeat":"repeat","background-position":"center center","background-size":"auto","background-attachment":"scroll","background-type":"","background-media":"","overlay-type":"","overlay-color":"","overlay-opacity":"","overlay-gradient":""},"tablet":{"background-color":"","background-image":"","background-repeat":"repeat","background-position":"center center","background-size":"auto","background-attachment":"scroll","background-type":"","background-media":"","overlay-type":"","overlay-color":"","overlay-opacity":"","overlay-gradient":""},"mobile":{"background-color":"","background-image":"","background-repeat":"repeat","background-position":"center center","background-size":"auto","background-attachment":"scroll","background-type":"","background-media":"","overlay-type":"","overlay-color":"","overlay-opacity":"","overlay-gradient":""}},"ast-content-background-meta":{"desktop":{"background-color":"var(--ast-global-color-4)","background-image":"","background-repeat":"repeat","background-position":"center center","background-size":"auto","background-attachment":"scroll","background-type":"","background-media":"","overlay-type":"","overlay-color":"","overlay-opacity":"","overlay-gradient":""},"tablet":{"background-color":"var(--ast-global-color-4)","background-image":"","background-repeat":"repeat","background-position":"center center","background-size":"auto","background-attachment":"scroll","background-type":"","background-media":"","overlay-type":"","overlay-color":"","overlay-opacity":"","overlay-gradient":""},"mobile":{"background-color":"var(--ast-global-color-4)","background-image":"","background-repeat":"repeat","background-position":"center center","background-size":"auto","background-attachment":"scroll","background-type":"","background-media":"","overlay-type":"","overlay-color":"","overlay-opacity":"","overlay-gradient":""}},"footnotes":""},"class_list":["post-86","page","type-page","status-publish","hentry"],"_links":{"self":[{"href":"https:\/\/matibou.com\/index.php\/wp-json\/wp\/v2\/pages\/86","targetHints":{"allow":["GET"]}}],"collection":[{"href":"https:\/\/matibou.com\/index.php\/wp-json\/wp\/v2\/pages"}],"about":[{"href":"https:\/\/matibou.com\/index.php\/wp-json\/wp\/v2\/types\/page"}],"author":[{"embeddable":true,"href":"https:\/\/matibou.com\/index.php\/wp-json\/wp\/v2\/users\/2"}],"replies":[{"embeddable":true,"href":"https:\/\/matibou.com\/index.php\/wp-json\/wp\/v2\/comments?post=86"}],"version-history":[{"count":212,"href":"https:\/\/matibou.com\/index.php\/wp-json\/wp\/v2\/pages\/86\/revisions"}],"predecessor-version":[{"id":358,"href":"https:\/\/matibou.com\/index.php\/wp-json\/wp\/v2\/pages\/86\/revisions\/358"}],"wp:attachment":[{"href":"https:\/\/matibou.com\/index.php\/wp-json\/wp\/v2\/media?parent=86"}],"curies":[{"name":"wp","href":"https:\/\/api.w.org\/{rel}","templated":true}]}}